{"id":1217,"date":"2022-08-21T14:53:44","date_gmt":"2022-08-21T11:53:44","guid":{"rendered":"https:\/\/bodrumaydinlatma.com\/shop\/?post_type=product&#038;p=1217"},"modified":"2022-09-11T15:28:16","modified_gmt":"2022-09-11T12:28:16","slug":"fumagalli-bisso-saba","status":"publish","type":"product","link":"https:\/\/bodrumaydinlatma.com\/shop\/urun\/fumagalli-bisso-saba\/","title":{"rendered":"Fumagalli BISSO\/SABA"},"content":{"rendered":"<p>Fumagalli d\u0131\u015f mekan \u00fcr\u00fcnleri, -30 +80 dereceye ve %90 nem oran\u0131na dayan\u0131kl\u0131d\u0131r. Boya gerektirmez, Pas yapmaz. 40 Y\u0131ll\u0131k tecr\u00fcbe ile \u0130talyan \u00fcr\u00fcn\u00fcd\u00fcr. \u00d6m\u00fcr boyu paslanmama garantisi vard\u0131r.<\/p>\n","protected":false},"excerpt":{"rendered":"<p>T\u00dcV-CB sertifikal\u0131, uzun \u00f6m\u00fcrl\u00fc, verimli, \u0130talyan mal\u0131 d\u0131\u015f mekan ayd\u0131nlatma \u00fcr\u00fcn\u00fc<\/p>\n","protected":false},"featured_media":1218,"comment_status":"open","ping_status":"closed","template":"","meta":[],"product_brand":[],"product_cat":[75],"product_tag":[215,214,213],"class_list":{"0":"post-1217","1":"product","2":"type-product","3":"status-publish","4":"has-post-thumbnail","6":"product_cat-ic-mekan-aydinlatmalar","7":"product_tag-aydinlatma","8":"product_tag-dis-mekan","9":"product_tag-fumagalli","11":"first","12":"instock","13":"taxable","14":"shipping-taxable","15":"purchasable","16":"product-type-variable"},"_links":{"self":[{"href":"https:\/\/bodrumaydinlatma.com\/shop\/wp-json\/wp\/v2\/product\/1217","targetHints":{"allow":["GET"]}}],"collection":[{"href":"https:\/\/bodrumaydinlatma.com\/shop\/wp-json\/wp\/v2\/product"}],"about":[{"href":"https:\/\/bodrumaydinlatma.com\/shop\/wp-json\/wp\/v2\/types\/product"}],"replies":[{"embeddable":true,"href":"https:\/\/bodrumaydinlatma.com\/shop\/wp-json\/wp\/v2\/comments?post=1217"}],"wp:featuredmedia":[{"embeddable":true,"href":"https:\/\/bodrumaydinlatma.com\/shop\/wp-json\/wp\/v2\/media\/1218"}],"wp:attachment":[{"href":"https:\/\/bodrumaydinlatma.com\/shop\/wp-json\/wp\/v2\/media?parent=1217"}],"wp:term":[{"taxonomy":"product_brand","embeddable":true,"href":"https:\/\/bodrumaydinlatma.com\/shop\/wp-json\/wp\/v2\/product_brand?post=1217"},{"taxonomy":"product_cat","embeddable":true,"href":"https:\/\/bodrumaydinlatma.com\/shop\/wp-json\/wp\/v2\/product_cat?post=1217"},{"taxonomy":"product_tag","embeddable":true,"href":"https:\/\/bodrumaydinlatma.com\/shop\/wp-json\/wp\/v2\/product_tag?post=1217"}],"curies":[{"name":"wp","href":"https:\/\/api.w.org\/{rel}","templated":true}]}}