{"id":1642,"date":"2022-08-29T20:54:01","date_gmt":"2022-08-29T17:54:01","guid":{"rendered":"https:\/\/bodrumaydinlatma.com\/shop\/?post_type=product&#038;p=1642"},"modified":"2022-09-11T15:30:34","modified_gmt":"2022-09-11T12:30:34","slug":"fumagalli-marta90-1l","status":"publish","type":"product","link":"https:\/\/bodrumaydinlatma.com\/shop\/urun\/fumagalli-marta90-1l\/","title":{"rendered":"Fumagalli MARTA90 1L"},"content":{"rendered":"<p>Fumagalli d\u0131\u015f mekan \u00fcr\u00fcnleri, -30 +80 dereceye ve %90 nem oran\u0131na dayan\u0131kl\u0131d\u0131r. Boya gerektirmez, Pas yapmaz. 40 Y\u0131ll\u0131k tecr\u00fcbe ile \u0130talyan \u00fcr\u00fcn\u00fcd\u00fcr. \u00d6m\u00fcr boyu paslanmama garantisi vard\u0131r.<\/p>\n","protected":false},"excerpt":{"rendered":"<p><img loading=\"lazy\" decoding=\"async\" class=\"alignnone size-medium wp-image-1652\" src=\"https:\/\/bodrumaydinlatma.com\/shop\/wp-content\/uploads\/2022\/08\/RENK-7-800x280.png\" alt=\"\" width=\"800\" height=\"280\" srcset=\"https:\/\/bodrumaydinlatma.com\/shop\/wp-content\/uploads\/2022\/08\/RENK-7-800x280.png 800w, https:\/\/bodrumaydinlatma.com\/shop\/wp-content\/uploads\/2022\/08\/RENK-7-510x179.png 510w, https:\/\/bodrumaydinlatma.com\/shop\/wp-content\/uploads\/2022\/08\/RENK-7-768x269.png 768w, https:\/\/bodrumaydinlatma.com\/shop\/wp-content\/uploads\/2022\/08\/RENK-7.png 1218w\" sizes=\"auto, (max-width: 800px) 100vw, 800px\" \/> <img loading=\"lazy\" decoding=\"async\" class=\"alignnone size-medium wp-image-1653\" src=\"https:\/\/bodrumaydinlatma.com\/shop\/wp-content\/uploads\/2022\/08\/LED-4-800x381.png\" alt=\"\" width=\"800\" height=\"381\" srcset=\"https:\/\/bodrumaydinlatma.com\/shop\/wp-content\/uploads\/2022\/08\/LED-4-800x381.png 800w, https:\/\/bodrumaydinlatma.com\/shop\/wp-content\/uploads\/2022\/08\/LED-4-510x243.png 510w, https:\/\/bodrumaydinlatma.com\/shop\/wp-content\/uploads\/2022\/08\/LED-4-768x366.png 768w, https:\/\/bodrumaydinlatma.com\/shop\/wp-content\/uploads\/2022\/08\/LED-4.png 1206w\" sizes=\"auto, (max-width: 800px) 100vw, 800px\" \/><\/p>\n","protected":false},"featured_media":1647,"comment_status":"open","ping_status":"closed","template":"","meta":[],"product_brand":[],"product_cat":[75],"product_tag":[215,214,213],"class_list":{"0":"post-1642","1":"product","2":"type-product","3":"status-publish","4":"has-post-thumbnail","6":"product_cat-ic-mekan-aydinlatmalar","7":"product_tag-aydinlatma","8":"product_tag-dis-mekan","9":"product_tag-fumagalli","11":"first","12":"instock","13":"taxable","14":"shipping-taxable","15":"purchasable","16":"product-type-variable"},"_links":{"self":[{"href":"https:\/\/bodrumaydinlatma.com\/shop\/wp-json\/wp\/v2\/product\/1642","targetHints":{"allow":["GET"]}}],"collection":[{"href":"https:\/\/bodrumaydinlatma.com\/shop\/wp-json\/wp\/v2\/product"}],"about":[{"href":"https:\/\/bodrumaydinlatma.com\/shop\/wp-json\/wp\/v2\/types\/product"}],"replies":[{"embeddable":true,"href":"https:\/\/bodrumaydinlatma.com\/shop\/wp-json\/wp\/v2\/comments?post=1642"}],"wp:featuredmedia":[{"embeddable":true,"href":"https:\/\/bodrumaydinlatma.com\/shop\/wp-json\/wp\/v2\/media\/1647"}],"wp:attachment":[{"href":"https:\/\/bodrumaydinlatma.com\/shop\/wp-json\/wp\/v2\/media?parent=1642"}],"wp:term":[{"taxonomy":"product_brand","embeddable":true,"href":"https:\/\/bodrumaydinlatma.com\/shop\/wp-json\/wp\/v2\/product_brand?post=1642"},{"taxonomy":"product_cat","embeddable":true,"href":"https:\/\/bodrumaydinlatma.com\/shop\/wp-json\/wp\/v2\/product_cat?post=1642"},{"taxonomy":"product_tag","embeddable":true,"href":"https:\/\/bodrumaydinlatma.com\/shop\/wp-json\/wp\/v2\/product_tag?post=1642"}],"curies":[{"name":"wp","href":"https:\/\/api.w.org\/{rel}","templated":true}]}}