{"id":2797,"date":"2022-09-02T17:27:55","date_gmt":"2022-09-02T14:27:55","guid":{"rendered":"https:\/\/bodrumaydinlatma.com\/shop\/?post_type=product&#038;p=2797"},"modified":"2022-09-11T15:39:49","modified_gmt":"2022-09-11T12:39:49","slug":"fumagalli-maddi-range","status":"publish","type":"product","link":"https:\/\/bodrumaydinlatma.com\/shop\/urun\/fumagalli-maddi-range\/","title":{"rendered":"Fumagalli MADDI Range"},"content":{"rendered":"<p>Fumagalli d\u0131\u015f mekan \u00fcr\u00fcnleri, -30 +80 dereceye ve %90 nem oran\u0131na dayan\u0131kl\u0131d\u0131r. Boya gerektirmez, Pas yapmaz. 40 Y\u0131ll\u0131k tecr\u00fcbe ile \u0130talyan \u00fcr\u00fcn\u00fcd\u00fcr. \u00d6m\u00fcr boyu paslanmama garantisi vard\u0131r.<\/p>\n","protected":false},"excerpt":{"rendered":"<p><img loading=\"lazy\" decoding=\"async\" class=\"alignnone size-medium wp-image-2801\" src=\"https:\/\/bodrumaydinlatma.com\/shop\/wp-content\/uploads\/2022\/09\/Ekran-Resmi-2022-09-02-17.21.50-800x254.png\" alt=\"\" width=\"800\" height=\"254\" srcset=\"https:\/\/bodrumaydinlatma.com\/shop\/wp-content\/uploads\/2022\/09\/Ekran-Resmi-2022-09-02-17.21.50-800x254.png 800w, https:\/\/bodrumaydinlatma.com\/shop\/wp-content\/uploads\/2022\/09\/Ekran-Resmi-2022-09-02-17.21.50-510x162.png 510w, https:\/\/bodrumaydinlatma.com\/shop\/wp-content\/uploads\/2022\/09\/Ekran-Resmi-2022-09-02-17.21.50-768x244.png 768w, https:\/\/bodrumaydinlatma.com\/shop\/wp-content\/uploads\/2022\/09\/Ekran-Resmi-2022-09-02-17.21.50.png 994w\" sizes=\"auto, (max-width: 800px) 100vw, 800px\" \/> <img loading=\"lazy\" decoding=\"async\" class=\"alignnone size-medium wp-image-2802\" src=\"https:\/\/bodrumaydinlatma.com\/shop\/wp-content\/uploads\/2022\/09\/Ekran-Resmi-2022-09-02-17.21.56-800x256.png\" alt=\"\" width=\"800\" height=\"256\" srcset=\"https:\/\/bodrumaydinlatma.com\/shop\/wp-content\/uploads\/2022\/09\/Ekran-Resmi-2022-09-02-17.21.56-800x256.png 800w, https:\/\/bodrumaydinlatma.com\/shop\/wp-content\/uploads\/2022\/09\/Ekran-Resmi-2022-09-02-17.21.56-510x163.png 510w, https:\/\/bodrumaydinlatma.com\/shop\/wp-content\/uploads\/2022\/09\/Ekran-Resmi-2022-09-02-17.21.56-768x246.png 768w, https:\/\/bodrumaydinlatma.com\/shop\/wp-content\/uploads\/2022\/09\/Ekran-Resmi-2022-09-02-17.21.56.png 994w\" sizes=\"auto, (max-width: 800px) 100vw, 800px\" \/><\/p>\n","protected":false},"featured_media":4709,"comment_status":"open","ping_status":"closed","template":"","meta":[],"product_brand":[],"product_cat":[75],"product_tag":[215,214,213],"class_list":{"0":"post-2797","1":"product","2":"type-product","3":"status-publish","4":"has-post-thumbnail","6":"product_cat-ic-mekan-aydinlatmalar","7":"product_tag-aydinlatma","8":"product_tag-dis-mekan","9":"product_tag-fumagalli","11":"first","12":"instock","13":"taxable","14":"shipping-taxable","15":"product-type-variable"},"_links":{"self":[{"href":"https:\/\/bodrumaydinlatma.com\/shop\/wp-json\/wp\/v2\/product\/2797","targetHints":{"allow":["GET"]}}],"collection":[{"href":"https:\/\/bodrumaydinlatma.com\/shop\/wp-json\/wp\/v2\/product"}],"about":[{"href":"https:\/\/bodrumaydinlatma.com\/shop\/wp-json\/wp\/v2\/types\/product"}],"replies":[{"embeddable":true,"href":"https:\/\/bodrumaydinlatma.com\/shop\/wp-json\/wp\/v2\/comments?post=2797"}],"wp:featuredmedia":[{"embeddable":true,"href":"https:\/\/bodrumaydinlatma.com\/shop\/wp-json\/wp\/v2\/media\/4709"}],"wp:attachment":[{"href":"https:\/\/bodrumaydinlatma.com\/shop\/wp-json\/wp\/v2\/media?parent=2797"}],"wp:term":[{"taxonomy":"product_brand","embeddable":true,"href":"https:\/\/bodrumaydinlatma.com\/shop\/wp-json\/wp\/v2\/product_brand?post=2797"},{"taxonomy":"product_cat","embeddable":true,"href":"https:\/\/bodrumaydinlatma.com\/shop\/wp-json\/wp\/v2\/product_cat?post=2797"},{"taxonomy":"product_tag","embeddable":true,"href":"https:\/\/bodrumaydinlatma.com\/shop\/wp-json\/wp\/v2\/product_tag?post=2797"}],"curies":[{"name":"wp","href":"https:\/\/api.w.org\/{rel}","templated":true}]}}