{"id":4356,"date":"2022-09-09T19:25:59","date_gmt":"2022-09-09T16:25:59","guid":{"rendered":"https:\/\/bodrumaydinlatma.com\/shop\/?post_type=product&#038;p=4356"},"modified":"2022-09-11T16:01:21","modified_gmt":"2022-09-11T13:01:21","slug":"fumagalli-bertina","status":"publish","type":"product","link":"https:\/\/bodrumaydinlatma.com\/shop\/urun\/fumagalli-bertina\/","title":{"rendered":"Fumagalli BERTINA"},"content":{"rendered":"<p>Fumagalli d\u0131\u015f mekan \u00fcr\u00fcnleri, -30 +80 dereceye ve %90 nem oran\u0131na dayan\u0131kl\u0131d\u0131r. Boya gerektirmez, Pas yapmaz. 40 Y\u0131ll\u0131k tecr\u00fcbe ile \u0130talyan \u00fcr\u00fcn\u00fcd\u00fcr. \u00d6m\u00fcr boyu paslanmama garantisi vard\u0131r.<\/p>\n","protected":false},"excerpt":{"rendered":"<p><img loading=\"lazy\" decoding=\"async\" class=\"alignnone size-medium wp-image-4360\" src=\"https:\/\/bodrumaydinlatma.com\/shop\/wp-content\/uploads\/2022\/09\/C-19-800x280.png\" alt=\"\" width=\"800\" height=\"280\" srcset=\"https:\/\/bodrumaydinlatma.com\/shop\/wp-content\/uploads\/2022\/09\/C-19-800x280.png 800w, https:\/\/bodrumaydinlatma.com\/shop\/wp-content\/uploads\/2022\/09\/C-19-510x179.png 510w, https:\/\/bodrumaydinlatma.com\/shop\/wp-content\/uploads\/2022\/09\/C-19-768x269.png 768w, https:\/\/bodrumaydinlatma.com\/shop\/wp-content\/uploads\/2022\/09\/C-19.png 910w\" sizes=\"auto, (max-width: 800px) 100vw, 800px\" \/> <img loading=\"lazy\" decoding=\"async\" class=\"alignnone size-medium wp-image-4361\" src=\"https:\/\/bodrumaydinlatma.com\/shop\/wp-content\/uploads\/2022\/09\/L-21-800x280.png\" alt=\"\" width=\"800\" height=\"280\" srcset=\"https:\/\/bodrumaydinlatma.com\/shop\/wp-content\/uploads\/2022\/09\/L-21-800x280.png 800w, https:\/\/bodrumaydinlatma.com\/shop\/wp-content\/uploads\/2022\/09\/L-21-510x178.png 510w, https:\/\/bodrumaydinlatma.com\/shop\/wp-content\/uploads\/2022\/09\/L-21-768x269.png 768w, https:\/\/bodrumaydinlatma.com\/shop\/wp-content\/uploads\/2022\/09\/L-21.png 915w\" sizes=\"auto, (max-width: 800px) 100vw, 800px\" \/><\/p>\n","protected":false},"featured_media":4357,"comment_status":"open","ping_status":"closed","template":"","meta":[],"product_brand":[],"product_cat":[144,93,134],"product_tag":[215,214,213],"class_list":{"0":"post-4356","1":"product","2":"type-product","3":"status-publish","4":"has-post-thumbnail","6":"product_cat-aplik","7":"product_cat-dis-mekan-aydinlatmalar","8":"product_cat-fumagalli","9":"product_tag-aydinlatma","10":"product_tag-dis-mekan","11":"product_tag-fumagalli","13":"first","14":"instock","15":"taxable","16":"shipping-taxable","17":"product-type-variable"},"_links":{"self":[{"href":"https:\/\/bodrumaydinlatma.com\/shop\/wp-json\/wp\/v2\/product\/4356","targetHints":{"allow":["GET"]}}],"collection":[{"href":"https:\/\/bodrumaydinlatma.com\/shop\/wp-json\/wp\/v2\/product"}],"about":[{"href":"https:\/\/bodrumaydinlatma.com\/shop\/wp-json\/wp\/v2\/types\/product"}],"replies":[{"embeddable":true,"href":"https:\/\/bodrumaydinlatma.com\/shop\/wp-json\/wp\/v2\/comments?post=4356"}],"wp:featuredmedia":[{"embeddable":true,"href":"https:\/\/bodrumaydinlatma.com\/shop\/wp-json\/wp\/v2\/media\/4357"}],"wp:attachment":[{"href":"https:\/\/bodrumaydinlatma.com\/shop\/wp-json\/wp\/v2\/media?parent=4356"}],"wp:term":[{"taxonomy":"product_brand","embeddable":true,"href":"https:\/\/bodrumaydinlatma.com\/shop\/wp-json\/wp\/v2\/product_brand?post=4356"},{"taxonomy":"product_cat","embeddable":true,"href":"https:\/\/bodrumaydinlatma.com\/shop\/wp-json\/wp\/v2\/product_cat?post=4356"},{"taxonomy":"product_tag","embeddable":true,"href":"https:\/\/bodrumaydinlatma.com\/shop\/wp-json\/wp\/v2\/product_tag?post=4356"}],"curies":[{"name":"wp","href":"https:\/\/api.w.org\/{rel}","templated":true}]}}