{"id":4519,"date":"2022-09-09T20:58:39","date_gmt":"2022-09-09T17:58:39","guid":{"rendered":"https:\/\/bodrumaydinlatma.com\/shop\/?post_type=product&#038;p=4519"},"modified":"2025-04-13T12:06:08","modified_gmt":"2025-04-13T09:06:08","slug":"fumagalli-stucchi-range","status":"publish","type":"product","link":"https:\/\/bodrumaydinlatma.com\/shop\/urun\/fumagalli-stucchi-range\/","title":{"rendered":"Fumagalli STUCCHI RANGE"},"content":{"rendered":"<p>Fumagalli d\u0131\u015f mekan \u00fcr\u00fcnleri, -30 +80 dereceye ve %90 nem oran\u0131na dayan\u0131kl\u0131d\u0131r. Boya gerektirmez, Pas yapmaz. 40 Y\u0131ll\u0131k tecr\u00fcbe ile \u0130talyan \u00fcr\u00fcn\u00fcd\u00fcr. \u00d6m\u00fcr boyu paslanmama garantisi vard\u0131r.<\/p>\n","protected":false},"excerpt":{"rendered":"<p><img loading=\"lazy\" decoding=\"async\" class=\"alignnone size-medium wp-image-4560\" src=\"https:\/\/bodrumaydinlatma.com\/shop\/wp-content\/uploads\/2022\/09\/L-26-800x255.png\" alt=\"\" width=\"800\" height=\"255\" srcset=\"https:\/\/bodrumaydinlatma.com\/shop\/wp-content\/uploads\/2022\/09\/L-26-800x255.png 800w, https:\/\/bodrumaydinlatma.com\/shop\/wp-content\/uploads\/2022\/09\/L-26-510x162.png 510w, https:\/\/bodrumaydinlatma.com\/shop\/wp-content\/uploads\/2022\/09\/L-26-768x245.png 768w, https:\/\/bodrumaydinlatma.com\/shop\/wp-content\/uploads\/2022\/09\/L-26.png 914w\" sizes=\"auto, (max-width: 800px) 100vw, 800px\" \/> <img loading=\"lazy\" decoding=\"async\" class=\"alignnone size-medium wp-image-4561\" src=\"https:\/\/bodrumaydinlatma.com\/shop\/wp-content\/uploads\/2022\/09\/C-24-800x256.png\" alt=\"\" width=\"800\" height=\"256\" srcset=\"https:\/\/bodrumaydinlatma.com\/shop\/wp-content\/uploads\/2022\/09\/C-24-800x256.png 800w, https:\/\/bodrumaydinlatma.com\/shop\/wp-content\/uploads\/2022\/09\/C-24-510x163.png 510w, https:\/\/bodrumaydinlatma.com\/shop\/wp-content\/uploads\/2022\/09\/C-24-768x246.png 768w, https:\/\/bodrumaydinlatma.com\/shop\/wp-content\/uploads\/2022\/09\/C-24.png 908w\" sizes=\"auto, (max-width: 800px) 100vw, 800px\" \/><\/p>\n","protected":false},"featured_media":4520,"comment_status":"open","ping_status":"closed","template":"","meta":[],"product_brand":[],"product_cat":[144,93,134],"product_tag":[215,214,213],"class_list":{"0":"post-4519","1":"product","2":"type-product","3":"status-publish","4":"has-post-thumbnail","6":"product_cat-aplik","7":"product_cat-dis-mekan-aydinlatmalar","8":"product_cat-fumagalli","9":"product_tag-aydinlatma","10":"product_tag-dis-mekan","11":"product_tag-fumagalli","13":"first","14":"instock","15":"taxable","16":"shipping-taxable","17":"product-type-variable"},"_links":{"self":[{"href":"https:\/\/bodrumaydinlatma.com\/shop\/wp-json\/wp\/v2\/product\/4519","targetHints":{"allow":["GET"]}}],"collection":[{"href":"https:\/\/bodrumaydinlatma.com\/shop\/wp-json\/wp\/v2\/product"}],"about":[{"href":"https:\/\/bodrumaydinlatma.com\/shop\/wp-json\/wp\/v2\/types\/product"}],"replies":[{"embeddable":true,"href":"https:\/\/bodrumaydinlatma.com\/shop\/wp-json\/wp\/v2\/comments?post=4519"}],"wp:featuredmedia":[{"embeddable":true,"href":"https:\/\/bodrumaydinlatma.com\/shop\/wp-json\/wp\/v2\/media\/4520"}],"wp:attachment":[{"href":"https:\/\/bodrumaydinlatma.com\/shop\/wp-json\/wp\/v2\/media?parent=4519"}],"wp:term":[{"taxonomy":"product_brand","embeddable":true,"href":"https:\/\/bodrumaydinlatma.com\/shop\/wp-json\/wp\/v2\/product_brand?post=4519"},{"taxonomy":"product_cat","embeddable":true,"href":"https:\/\/bodrumaydinlatma.com\/shop\/wp-json\/wp\/v2\/product_cat?post=4519"},{"taxonomy":"product_tag","embeddable":true,"href":"https:\/\/bodrumaydinlatma.com\/shop\/wp-json\/wp\/v2\/product_tag?post=4519"}],"curies":[{"name":"wp","href":"https:\/\/api.w.org\/{rel}","templated":true}]}}